{"id":875,"date":"2022-11-17T17:31:50","date_gmt":"2022-11-17T17:31:50","guid":{"rendered":"https:\/\/legufrut-agro-work.colibriwp.com\/my-awesome-site\/?page_id=875"},"modified":"2023-12-14T17:01:00","modified_gmt":"2023-12-14T17:01:00","slug":"tiendas-grandes-almacenes","status":"publish","type":"page","link":"https:\/\/legufrut-agro-work.colibriwp.com\/my-awesome-site\/tiendas-grandes-almacenes\/","title":{"rendered":"Compromiso"},"content":{"rendered":"<div data-colibri-id=\"875-c1\" class=\"style-871 style-local-875-c1 position-relative\">\n  <!---->\n  <div data-colibri-component=\"section\" data-colibri-id=\"875-c2\" id=\"initial-content\" class=\"h-section h-section-global-spacing d-flex align-items-lg-center align-items-md-center align-items-center style-872 style-local-875-c2 position-relative\">\n    <!---->\n    <!---->\n    <div class=\"h-section-grid-container h-section-boxed-container\">\n      <!---->\n      <div data-colibri-id=\"875-c3\" class=\"h-row-container gutters-row-lg-2 gutters-row-md-2 gutters-row-0 gutters-row-v-lg-2 gutters-row-v-md-2 gutters-row-v-2 style-1338 style-local-875-c3 position-relative\">\n        <!---->\n        <div class=\"h-row justify-content-lg-center justify-content-md-center justify-content-center align-items-lg-stretch align-items-md-stretch align-items-stretch gutters-col-lg-2 gutters-col-md-2 gutters-col-0 gutters-col-v-lg-2 gutters-col-v-md-2 gutters-col-v-2\">\n          <!---->\n          <div class=\"h-column h-column-container d-flex h-col-lg-auto h-col-md-auto h-col-auto style-1339-outer style-local-875-c4-outer\">\n            <div data-colibri-id=\"875-c4\" class=\"d-flex h-flex-basis h-column__inner h-px-lg-2 h-px-md-2 h-px-2 v-inner-lg-2 v-inner-md-2 v-inner-2 style-1339 style-local-875-c4 position-relative\">\n              <!---->\n              <!---->\n              <div class=\"w-100 h-y-container h-column__content h-column__v-align flex-basis-100 align-self-lg-start align-self-md-start align-self-start\">\n                <!---->\n                <div data-colibri-id=\"875-c5\" class=\"h-global-transition-all h-heading style-1341 style-local-875-c5 position-relative h-element\">\n                  <!---->\n                  <div class=\"h-heading__outer style-1341 style-local-875-c5\">\n                    <!---->\n                    <!---->\n                    <h3 class=\"\">Nuestra apuesta por la calidad y seguridad alimentaria como argumentos diferenciadores ofrece una garant\u00eda total en nuestros productos<\/h3>\n                  <\/div>\n                <\/div>\n              <\/div>\n            <\/div>\n          <\/div>\n        <\/div>\n      <\/div>\n      <div data-colibri-id=\"875-c6\" class=\"h-row-container gutters-row-lg-2 gutters-row-md-2 gutters-row-0 gutters-row-v-lg-2 gutters-row-v-md-2 gutters-row-v-2 style-873 style-local-875-c6 position-relative\">\n        <!---->\n        <div class=\"h-row justify-content-lg-center justify-content-md-center justify-content-center align-items-lg-stretch align-items-md-stretch align-items-stretch gutters-col-lg-2 gutters-col-md-2 gutters-col-0 gutters-col-v-lg-2 gutters-col-v-md-2 gutters-col-v-2\">\n          <!---->\n          <div class=\"h-column h-column-container d-flex h-col-lg-auto h-col-md-auto h-col-auto style-874-outer style-local-875-c7-outer\">\n            <div data-colibri-id=\"875-c7\" class=\"d-flex h-flex-basis h-column__inner h-px-lg-2 h-px-md-2 h-px-2 v-inner-lg-2 v-inner-md-2 v-inner-2 style-874 style-local-875-c7 position-relative\">\n              <!---->\n              <!---->\n              <div class=\"w-100 h-y-container h-column__content h-column__v-align flex-basis-100 align-self-lg-start align-self-md-start align-self-start\">\n                <!---->\n                <div data-colibri-id=\"875-c8\" class=\"h-text h-text-component style-880 style-local-875-c8 position-relative h-element\">\n                  <!---->\n                  <!---->\n                  <div class=\"\">\n                    <p>Desde su fundaci\u00f3n, Legufrut adquiere un compromiso de eficiencia, innovaci\u00f3n, integridad y responsabilidad social.<\/p>\n                    <p>Este compromiso hace que nuestra empresa sea un referente en el sector y con una tendencia de expansi\u00f3n fuera de nuestras fronteras.<\/p>\n                    <p>Todas las acciones en las etapas de producci\u00f3n, envasado y distribuci\u00f3n que realizamos en nuestra organizaci\u00f3n se orientan hacia la mejora en la calidad de nuestros productos as\u00ed como la seguridad alimentaria.<\/p>\n                    <p>\n                      <br>\n                    <\/p>\n                  <\/div>\n                <\/div>\n              <\/div>\n            <\/div>\n          <\/div>\n          <div class=\"h-column h-column-container d-flex h-col-lg-auto h-col-md-auto h-col-auto style-876-outer style-local-875-c9-outer\">\n            <div data-colibri-id=\"875-c9\" class=\"d-flex h-flex-basis h-column__inner h-px-lg-2 h-px-md-2 h-px-2 v-inner-lg-2 v-inner-md-2 v-inner-2 style-876 style-local-875-c9 position-relative\">\n              <!---->\n              <!---->\n              <div class=\"w-100 h-y-container h-column__content h-column__v-align flex-basis-100 align-self-lg-start align-self-md-start align-self-start\">\n                <!---->\n                <div data-colibri-id=\"875-c10\" class=\"d-block style-881 style-local-875-c10 position-relative h-element\">\n                  <!---->\n                  <div class=\"h-image__frame-container-outer\">\n                    <div class=\"h-image__frame-container\">\n                      <!---->\n                      <!---->\n                      <img loading=\"lazy\" decoding=\"async\" width=\"2190\" height=\"1638\" src=\"https:\/\/legufrut-agro-work.colibriwp.com\/my-awesome-site\/wp-content\/uploads\/2023\/05\/cropped-legufrut-josemaria-scaled-1.jpg\" class=\"wp-image-989 style-881-image style-local-875-c10-image\" alt=\"\" srcset=\"https:\/\/legufrut-agro-work.colibriwp.com\/my-awesome-site\/wp-content\/uploads\/2023\/05\/cropped-legufrut-josemaria-scaled-1.jpg 2190w, https:\/\/legufrut-agro-work.colibriwp.com\/my-awesome-site\/wp-content\/uploads\/2023\/05\/cropped-legufrut-josemaria-scaled-1-300x224.jpg 300w, https:\/\/legufrut-agro-work.colibriwp.com\/my-awesome-site\/wp-content\/uploads\/2023\/05\/cropped-legufrut-josemaria-scaled-1-1024x766.jpg 1024w, https:\/\/legufrut-agro-work.colibriwp.com\/my-awesome-site\/wp-content\/uploads\/2023\/05\/cropped-legufrut-josemaria-scaled-1-768x574.jpg 768w, https:\/\/legufrut-agro-work.colibriwp.com\/my-awesome-site\/wp-content\/uploads\/2023\/05\/cropped-legufrut-josemaria-scaled-1-1536x1149.jpg 1536w, https:\/\/legufrut-agro-work.colibriwp.com\/my-awesome-site\/wp-content\/uploads\/2023\/05\/cropped-legufrut-josemaria-scaled-1-2048x1532.jpg 2048w\" sizes=\"(max-width: 2190px) 100vw, 2190px\" \/>\n                      <div class=\"h-image__frame h-hide-lg h-hide-md h-hide-sm style-881-frameImage style-local-875-c10-frameImage\"><\/div>\n                    <\/div>\n                  <\/div>\n                <\/div>\n              <\/div>\n            <\/div>\n          <\/div>\n        <\/div>\n      <\/div>\n    <\/div>\n  <\/div>\n  <div data-colibri-component=\"section\" data-colibri-id=\"875-c11\" id=\"about\" class=\"h-section h-section-global-spacing d-flex align-items-lg-center align-items-md-center align-items-center style-1497 style-local-875-c11 position-relative\">\n    <!---->\n    <!---->\n    <div class=\"h-section-grid-container h-section-boxed-container\">\n      <!---->\n      <div data-colibri-id=\"875-c12\" class=\"h-row-container gutters-row-lg-0 gutters-row-md-0 gutters-row-0 gutters-row-v-lg-0 gutters-row-v-md-0 gutters-row-v-0 style-1498 style-local-875-c12 position-relative\">\n        <!---->\n        <div class=\"h-row justify-content-lg-center justify-content-md-center justify-content-center align-items-lg-stretch align-items-md-stretch align-items-stretch gutters-col-lg-0 gutters-col-md-0 gutters-col-0 gutters-col-v-lg-0 gutters-col-v-md-0 gutters-col-v-0\">\n          <!---->\n          <div class=\"h-column h-column-container d-flex h-col-lg-auto h-col-md-auto h-col-auto style-1499-outer style-local-875-c13-outer\">\n            <div data-colibri-id=\"875-c13\" class=\"d-flex h-flex-basis h-column__inner h-ui-empty-state-container h-px-lg-0 h-px-md-0 h-px-0 v-inner-lg-0 v-inner-md-0 v-inner-0 style-1499 style-local-875-c13 position-relative\">\n              <!---->\n              <!---->\n              <div class=\"w-100 h-y-container h-column__content h-column__v-align flex-basis-100\">\n                <!---->\n              <\/div>\n            <\/div>\n          <\/div>\n          <div class=\"h-column h-column-container d-flex h-col-lg-auto h-col-md-auto h-col-auto style-1500-outer style-local-875-c14-outer\">\n            <div data-colibri-id=\"875-c14\" class=\"d-flex h-flex-basis h-column__inner h-px-lg-2 h-px-md-2 h-px-2 v-inner-lg-2 v-inner-md-2 v-inner-2 style-1500 style-local-875-c14 position-relative\">\n              <!---->\n              <!---->\n              <div class=\"w-100 h-y-container h-column__content h-column__v-align flex-basis-100 align-self-lg-start align-self-md-start align-self-start\">\n                <!---->\n                <div data-colibri-id=\"875-c15\" class=\"h-global-transition-all h-heading style-1501 style-local-875-c15 position-relative h-element\">\n                  <!---->\n                  <div class=\"h-heading__outer style-1501 style-local-875-c15\">\n                    <!---->\n                    <!---->\n                    <h3 class=\"\">APUESTA POR LA CALIDAD Y SEGURIDAD ALIMENTARIA<\/h3>\n                  <\/div>\n                <\/div>\n                <div data-colibri-id=\"875-c17\" class=\"h-text h-text-component style-1503 style-local-875-c17 position-relative h-element\">\n                  <!---->\n                  <!---->\n                  <div class=\"\">\n                    <p><span style=\"font-size: 17px; font-family: Muli; color: rgb(23, 37, 42);\">Ofrecemos una garant\u00eda total en cuanto a trazabilidad ascendente y descendente, as\u00ed como la posibilidad de confeccionar diferentes formatos.<\/span><\/p>\n                  <\/div>\n                <\/div>\n              <\/div>\n            <\/div>\n          <\/div>\n        <\/div>\n      <\/div>\n    <\/div>\n  <\/div>\n<\/div>","protected":false},"excerpt":{"rendered":"<p>Nuestra apuesta por la calidad y seguridad alimentaria como argumentos diferenciadores ofrece una garant\u00eda total en nuestros productos Desde su fundaci\u00f3n, Legufrut adquiere un compromiso de eficiencia, innovaci\u00f3n, integridad y responsabilidad social. Este compromiso hace que nuestra empresa sea un referente en el sector y con una tendencia de expansi\u00f3n fuera de nuestras fronteras. Todas [&hellip;]<\/p>\n","protected":false},"author":1,"featured_media":0,"parent":0,"menu_order":0,"comment_status":"closed","ping_status":"closed","template":"page-templates\/full-width-page.php","meta":{"footnotes":""},"_links":{"self":[{"href":"https:\/\/legufrut-agro-work.colibriwp.com\/my-awesome-site\/wp-json\/wp\/v2\/pages\/875"}],"collection":[{"href":"https:\/\/legufrut-agro-work.colibriwp.com\/my-awesome-site\/wp-json\/wp\/v2\/pages"}],"about":[{"href":"https:\/\/legufrut-agro-work.colibriwp.com\/my-awesome-site\/wp-json\/wp\/v2\/types\/page"}],"author":[{"embeddable":true,"href":"https:\/\/legufrut-agro-work.colibriwp.com\/my-awesome-site\/wp-json\/wp\/v2\/users\/1"}],"replies":[{"embeddable":true,"href":"https:\/\/legufrut-agro-work.colibriwp.com\/my-awesome-site\/wp-json\/wp\/v2\/comments?post=875"}],"version-history":[{"count":11,"href":"https:\/\/legufrut-agro-work.colibriwp.com\/my-awesome-site\/wp-json\/wp\/v2\/pages\/875\/revisions"}],"predecessor-version":[{"id":1817,"href":"https:\/\/legufrut-agro-work.colibriwp.com\/my-awesome-site\/wp-json\/wp\/v2\/pages\/875\/revisions\/1817"}],"wp:attachment":[{"href":"https:\/\/legufrut-agro-work.colibriwp.com\/my-awesome-site\/wp-json\/wp\/v2\/media?parent=875"}],"curies":[{"name":"wp","href":"https:\/\/api.w.org\/{rel}","templated":true}]}}