{"id":747,"date":"2022-11-08T11:20:52","date_gmt":"2022-11-08T11:20:52","guid":{"rendered":"https:\/\/legufrut-agro-work.colibriwp.com\/my-awesome-site\/?page_id=747"},"modified":"2023-12-12T19:38:11","modified_gmt":"2023-12-12T19:38:11","slug":"programa-bono-enerxia-peme-2022","status":"publish","type":"page","link":"https:\/\/legufrut-agro-work.colibriwp.com\/my-awesome-site\/programa-bono-enerxia-peme-2022\/","title":{"rendered":"Programa Bono Enerxia Peme 2022"},"content":{"rendered":"<div data-colibri-id=\"747-c1\" class=\"style-750 style-local-747-c1 position-relative\">\n  <!---->\n  <div data-colibri-component=\"section\" data-colibri-id=\"747-c2\" id=\"initial-content\" class=\"h-section h-section-global-spacing d-flex align-items-lg-center align-items-md-center align-items-center style-751 style-local-747-c2 position-relative\">\n    <!---->\n    <!---->\n    <div class=\"h-section-grid-container h-section-boxed-container\">\n      <!---->\n      <div data-colibri-id=\"747-c3\" class=\"h-row-container gutters-row-lg-2 gutters-row-md-2 gutters-row-0 gutters-row-v-lg-2 gutters-row-v-md-2 gutters-row-v-2 style-752 style-local-747-c3 position-relative\">\n        <!---->\n        <div class=\"h-row justify-content-lg-center justify-content-md-center justify-content-center align-items-lg-stretch align-items-md-stretch align-items-stretch gutters-col-lg-2 gutters-col-md-2 gutters-col-0 gutters-col-v-lg-2 gutters-col-v-md-2 gutters-col-v-2\">\n          <!---->\n          <div class=\"h-column h-column-container d-flex h-col-lg-auto h-col-md-auto h-col-auto style-753-outer style-local-747-c4-outer\">\n            <div data-colibri-id=\"747-c4\" class=\"d-flex h-flex-basis h-column__inner h-px-lg-2 h-px-md-2 h-px-2 v-inner-lg-2 v-inner-md-2 v-inner-2 style-753 style-local-747-c4 position-relative\">\n              <!---->\n              <!---->\n              <div class=\"w-100 h-y-container h-column__content h-column__v-align flex-basis-100 align-self-lg-start align-self-md-start align-self-start\">\n                <!---->\n                <div data-colibri-id=\"747-c5\" class=\"h-global-transition-all h-heading style-754 style-local-747-c5 position-relative h-element\">\n                  <!---->\n                  <div class=\"h-heading__outer style-754 style-local-747-c5\">\n                    <!---->\n                    <!---->\n                    <h3 class=\"\">PROGRAMA BONO ENERX\u00cdA PEME 2022<\/h3>\n                  <\/div>\n                <\/div>\n              <\/div>\n            <\/div>\n          <\/div>\n        <\/div>\n      <\/div>\n      <div data-colibri-id=\"747-c6\" class=\"h-row-container gutters-row-lg-2 gutters-row-md-2 gutters-row-0 gutters-row-v-lg-2 gutters-row-v-md-2 gutters-row-v-2 style-755 style-local-747-c6 position-relative\">\n        <!---->\n        <div class=\"h-row justify-content-lg-center justify-content-md-center justify-content-center align-items-lg-stretch align-items-md-stretch align-items-stretch gutters-col-lg-2 gutters-col-md-2 gutters-col-0 gutters-col-v-lg-2 gutters-col-v-md-2 gutters-col-v-2\">\n          <!---->\n          <div class=\"h-column h-column-container d-flex h-col-lg-6 h-col-md-6 h-col-12 style-758-outer style-local-747-c7-outer\">\n            <div data-colibri-id=\"747-c7\" class=\"d-flex h-flex-basis h-column__inner h-px-lg-2 h-px-md-2 h-px-2 v-inner-lg-2 v-inner-md-2 v-inner-2 style-758 style-local-747-c7 position-relative\">\n              <!---->\n              <!---->\n              <div class=\"w-100 h-y-container h-column__content h-column__v-align flex-basis-100 align-self-lg-start align-self-md-start align-self-start\">\n                <!---->\n                <div data-colibri-id=\"747-c8\" class=\"d-block style-812 style-local-747-c8 position-relative h-element\">\n                  <!---->\n                  <div class=\"h-image__frame-container-outer\">\n                    <div class=\"h-image__frame-container\">\n                      <!---->\n                      <!---->\n                      <img loading=\"lazy\" decoding=\"async\" width=\"2000\" height=\"2000\" src=\"https:\/\/legufrut-agro-work.colibriwp.com\/my-awesome-site\/wp-content\/uploads\/2022\/11\/inega.jpg\" class=\"wp-image-866 style-812-image style-local-747-c8-image\" alt=\"\" srcset=\"https:\/\/legufrut-agro-work.colibriwp.com\/my-awesome-site\/wp-content\/uploads\/2022\/11\/inega.jpg 2000w, https:\/\/legufrut-agro-work.colibriwp.com\/my-awesome-site\/wp-content\/uploads\/2022\/11\/inega-300x300.jpg 300w, https:\/\/legufrut-agro-work.colibriwp.com\/my-awesome-site\/wp-content\/uploads\/2022\/11\/inega-1024x1024.jpg 1024w, https:\/\/legufrut-agro-work.colibriwp.com\/my-awesome-site\/wp-content\/uploads\/2022\/11\/inega-150x150.jpg 150w, https:\/\/legufrut-agro-work.colibriwp.com\/my-awesome-site\/wp-content\/uploads\/2022\/11\/inega-768x768.jpg 768w, https:\/\/legufrut-agro-work.colibriwp.com\/my-awesome-site\/wp-content\/uploads\/2022\/11\/inega-1536x1536.jpg 1536w\" sizes=\"(max-width: 2000px) 100vw, 2000px\" \/>\n                      <div class=\"h-image__frame h-hide-lg h-hide-md h-hide-sm style-812-frameImage style-local-747-c8-frameImage\"><\/div>\n                    <\/div>\n                  <\/div>\n                <\/div>\n                <div data-colibri-id=\"747-c9\" class=\"h-text h-text-component style-759 style-local-747-c9 position-relative h-element\">\n                  <!---->\n                  <!---->\n                  <div class=\"\">\n                    <p>\n                      <br>\n                      <br>\n                    <\/p>\n                  <\/div>\n                <\/div>\n              <\/div>\n            <\/div>\n          <\/div>\n          <div class=\"h-column h-column-container d-flex h-col-lg-6 h-col-md-6 h-col-12 style-813-outer style-local-747-c10-outer\">\n            <div data-colibri-id=\"747-c10\" class=\"d-flex h-flex-basis h-column__inner h-px-lg-2 h-px-md-2 h-px-2 v-inner-lg-2 v-inner-md-2 v-inner-2 style-813 style-local-747-c10 position-relative\">\n              <!---->\n              <!---->\n              <div class=\"w-100 h-y-container h-column__content h-column__v-align flex-basis-100 align-self-lg-start align-self-md-start align-self-start\">\n                <!---->\n                <div data-colibri-id=\"747-c11\" class=\"h-text h-text-component style-814 style-local-747-c11 position-relative h-element\">\n                  <!---->\n                  <!---->\n                  <div class=\"\">\n                    <p>Legugrut Agro ven de renovar por completo a s\u00faa iluminaci\u00f3n internior con tecnolox\u00eda LED, acollendose a subvenci\u00f3n do Instituto Enerx\u00e9tico de Galicia para proxectos de Mellora Enerx\u00e9tica dirixido a Pemes e aut\u00f3nomos PROGRAMA BONO ENERXIA\n                      PEME 2022, operaci\u00f3n cofinanciada pola Xunta de Galicia.\n                      <br>\n                      <br> Dita mellora vai supo\u00f1er unha mellora moi considerablena industria xa que o aforro enerx\u00e9tico logo da instalaci\u00f3n desta tecnolox\u00eda LED ser\u00e1 moi considerable.<\/p>\n                    <p>\n                      <br>\n                    <\/p>\n                  <\/div>\n                <\/div>\n              <\/div>\n            <\/div>\n          <\/div>\n        <\/div>\n      <\/div>\n      <div data-colibri-id=\"747-c12\" class=\"h-row-container gutters-row-lg-2 gutters-row-md-2 gutters-row-0 gutters-row-v-lg-2 gutters-row-v-md-2 gutters-row-v-2 style-760 style-local-747-c12 position-relative\">\n        <!---->\n        <div class=\"h-row justify-content-lg-center justify-content-md-center justify-content-center align-items-lg-stretch align-items-md-stretch align-items-stretch gutters-col-lg-2 gutters-col-md-2 gutters-col-0 gutters-col-v-lg-2 gutters-col-v-md-2 gutters-col-v-2\">\n          <!---->\n          <div class=\"h-column h-column-container d-flex h-col-lg-auto h-col-md-auto h-col-auto style-761-outer style-local-747-c13-outer\">\n            <div data-colibri-id=\"747-c13\" class=\"d-flex h-flex-basis h-column__inner h-ui-empty-state-container h-px-lg-2 h-px-md-2 h-px-2 v-inner-lg-2 v-inner-md-2 v-inner-2 style-761 style-local-747-c13 position-relative\">\n              <!---->\n              <!---->\n              <div class=\"w-100 h-y-container h-column__content h-column__v-align flex-basis-100\">\n                <!---->\n              <\/div>\n            <\/div>\n          <\/div>\n          <div class=\"h-column h-column-container d-flex h-col-lg-auto h-col-md-auto h-col-auto style-762-outer style-local-747-c14-outer\">\n            <div data-colibri-id=\"747-c14\" class=\"d-flex h-flex-basis h-column__inner h-ui-empty-state-container h-px-lg-2 h-px-md-2 h-px-2 v-inner-lg-2 v-inner-md-2 v-inner-2 style-762 style-local-747-c14 position-relative\">\n              <!---->\n              <!---->\n              <div class=\"w-100 h-y-container h-column__content h-column__v-align flex-basis-100\">\n                <!---->\n              <\/div>\n            <\/div>\n          <\/div>\n        <\/div>\n      <\/div>\n    <\/div>\n  <\/div>\n<\/div>","protected":false},"excerpt":{"rendered":"<p>PROGRAMA BONO ENERX\u00cdA PEME 2022 Legugrut Agro ven de renovar por completo a s\u00faa iluminaci\u00f3n internior con tecnolox\u00eda LED, acollendose a subvenci\u00f3n do Instituto Enerx\u00e9tico de Galicia para proxectos de Mellora Enerx\u00e9tica dirixido a Pemes e aut\u00f3nomos PROGRAMA BONO ENERXIA PEME 2022, operaci\u00f3n cofinanciada pola Xunta de Galicia. Dita mellora vai supo\u00f1er unha mellora moi [&hellip;]<\/p>\n","protected":false},"author":1,"featured_media":0,"parent":0,"menu_order":0,"comment_status":"closed","ping_status":"open","template":"page-templates\/full-width-page.php","meta":{"footnotes":""},"_links":{"self":[{"href":"https:\/\/legufrut-agro-work.colibriwp.com\/my-awesome-site\/wp-json\/wp\/v2\/pages\/747"}],"collection":[{"href":"https:\/\/legufrut-agro-work.colibriwp.com\/my-awesome-site\/wp-json\/wp\/v2\/pages"}],"about":[{"href":"https:\/\/legufrut-agro-work.colibriwp.com\/my-awesome-site\/wp-json\/wp\/v2\/types\/page"}],"author":[{"embeddable":true,"href":"https:\/\/legufrut-agro-work.colibriwp.com\/my-awesome-site\/wp-json\/wp\/v2\/users\/1"}],"replies":[{"embeddable":true,"href":"https:\/\/legufrut-agro-work.colibriwp.com\/my-awesome-site\/wp-json\/wp\/v2\/comments?post=747"}],"version-history":[{"count":4,"href":"https:\/\/legufrut-agro-work.colibriwp.com\/my-awesome-site\/wp-json\/wp\/v2\/pages\/747\/revisions"}],"predecessor-version":[{"id":1579,"href":"https:\/\/legufrut-agro-work.colibriwp.com\/my-awesome-site\/wp-json\/wp\/v2\/pages\/747\/revisions\/1579"}],"wp:attachment":[{"href":"https:\/\/legufrut-agro-work.colibriwp.com\/my-awesome-site\/wp-json\/wp\/v2\/media?parent=747"}],"curies":[{"name":"wp","href":"https:\/\/api.w.org\/{rel}","templated":true}]}}