{"id":5,"date":"2019-01-22T12:16:37","date_gmt":"2019-01-22T12:16:37","guid":{"rendered":"https:\/\/legufrut-agro-work.colibriwp.com\/my-awesome-site\/colibriwp\/"},"modified":"2025-06-24T09:51:17","modified_gmt":"2025-06-24T09:51:17","slug":"colibriwp","status":"publish","type":"page","link":"https:\/\/legufrut-agro-work.colibriwp.com\/my-awesome-site\/","title":{"rendered":"Front Page"},"content":{"rendered":"<div data-colibri-id=\"5-c1\" class=\"style-305 style-local-5-c1 position-relative\">\n  <!---->\n  <div data-colibri-component=\"section\" data-colibri-id=\"5-c2\" id=\"about\" class=\"h-section h-section-global-spacing d-flex align-items-lg-center align-items-md-center align-items-center style-764 style-local-5-c2 position-relative\">\n    <!---->\n    <!---->\n    <div class=\"h-section-grid-container h-section-boxed-container\">\n      <!---->\n      <div data-colibri-id=\"5-c3\" class=\"h-row-container gutters-row-lg-2 gutters-row-md-2 gutters-row-2 gutters-row-v-lg-2 gutters-row-v-md-2 gutters-row-v-2 style-765 style-local-5-c3 position-relative\">\n        <!---->\n        <div class=\"h-row justify-content-lg-center justify-content-md-center justify-content-center align-items-lg-stretch align-items-md-stretch align-items-stretch gutters-col-lg-2 gutters-col-md-2 gutters-col-2 gutters-col-v-lg-2 gutters-col-v-md-2 gutters-col-v-2\">\n          <!---->\n          <div class=\"h-column h-column-container d-flex h-col-lg-auto h-col-md-auto h-col-auto style-766-outer style-local-5-c4-outer\">\n            <div data-colibri-id=\"5-c4\" class=\"d-flex h-flex-basis h-column__inner h-px-lg-2 h-px-md-2 h-px-2 v-inner-lg-2 v-inner-md-2 v-inner-2 style-766 style-local-5-c4 position-relative\">\n              <!---->\n              <!---->\n              <div class=\"w-100 h-y-container h-column__content h-column__v-align flex-basis-100 align-self-lg-center align-self-md-center align-self-center\">\n                <!---->\n                <div data-colibri-id=\"5-c5\" class=\"h-global-transition-all h-heading style-768 style-local-5-c5 position-relative h-element\">\n                  <!---->\n                  <div class=\"h-heading__outer style-768 style-local-5-c5\">\n                    <!---->\n                    <!---->\n                    <h3 class=\"\">DEL CAMPO A T\u00da MESA<\/h3>\n                  <\/div>\n                <\/div>\n                <div data-colibri-id=\"5-c6\" class=\"h-lead h-text h-text-component style-769 style-local-5-c6 position-relative h-element\">\n                  <!---->\n                  <!---->\n                  <div class=\"\">\n                    <p>Nuestro compromiso con el rural gallego nos hace c\u00f3mplices de t\u00fa bienestar.&nbsp;\n                      <br>\n                      <br>Acercamos el producto gallego a t\u00fa cocina, para que tengas lo m\u00e1s fresco y lo mejor de la huerta gallega.<\/p>\n                    <p>\n                      <br>\n                    <\/p>\n                  <\/div>\n                <\/div>\n              <\/div>\n            <\/div>\n          <\/div>\n          <div class=\"h-column h-column-container d-flex h-col-lg-auto h-col-md-auto h-col-auto style-772-outer style-local-5-c7-outer\">\n            <div data-colibri-id=\"5-c7\" class=\"d-flex h-flex-basis h-column__inner h-px-lg-2 h-px-md-2 h-px-2 v-inner-lg-2 v-inner-md-2 v-inner-2 style-772 style-local-5-c7 position-relative\">\n              <!---->\n              <!---->\n              <div class=\"w-100 h-y-container h-column__content h-column__v-align flex-basis-100 align-self-lg-center align-self-md-center align-self-center\">\n                <!---->\n                <div data-colibri-id=\"5-c8\" class=\"d-block style-773 style-local-5-c8 position-relative h-element\">\n                  <!---->\n                  <div class=\"h-image__frame-container-outer\">\n                    <div class=\"h-image__frame-container\">\n                      <!---->\n                      <!---->\n                      <img loading=\"lazy\" decoding=\"async\" width=\"1696\" height=\"1696\" src=\"https:\/\/legufrut-agro-work.colibriwp.com\/my-awesome-site\/wp-content\/uploads\/2022\/11\/cropped-cropped-pexels-pixabay-161512-scaled-1.jpg\" class=\"wp-image-803 style-773-image style-local-5-c8-image\" alt=\"\" srcset=\"https:\/\/legufrut-agro-work.colibriwp.com\/my-awesome-site\/wp-content\/uploads\/2022\/11\/cropped-cropped-pexels-pixabay-161512-scaled-1.jpg 1696w, https:\/\/legufrut-agro-work.colibriwp.com\/my-awesome-site\/wp-content\/uploads\/2022\/11\/cropped-cropped-pexels-pixabay-161512-scaled-1-300x300.jpg 300w, https:\/\/legufrut-agro-work.colibriwp.com\/my-awesome-site\/wp-content\/uploads\/2022\/11\/cropped-cropped-pexels-pixabay-161512-scaled-1-1024x1024.jpg 1024w, https:\/\/legufrut-agro-work.colibriwp.com\/my-awesome-site\/wp-content\/uploads\/2022\/11\/cropped-cropped-pexels-pixabay-161512-scaled-1-150x150.jpg 150w, https:\/\/legufrut-agro-work.colibriwp.com\/my-awesome-site\/wp-content\/uploads\/2022\/11\/cropped-cropped-pexels-pixabay-161512-scaled-1-768x768.jpg 768w, https:\/\/legufrut-agro-work.colibriwp.com\/my-awesome-site\/wp-content\/uploads\/2022\/11\/cropped-cropped-pexels-pixabay-161512-scaled-1-1536x1536.jpg 1536w\" sizes=\"(max-width: 1696px) 100vw, 1696px\" \/>\n                      <div class=\"h-image__frame h-hide-sm style-773-frameImage style-local-5-c8-frameImage\"><\/div>\n                    <\/div>\n                  <\/div>\n                <\/div>\n              <\/div>\n            <\/div>\n          <\/div>\n        <\/div>\n      <\/div>\n    <\/div>\n  <\/div>\n  <div data-colibri-component=\"section\" data-colibri-id=\"5-c9\" id=\"about-2\" class=\"h-section h-section-global-spacing d-flex align-items-lg-center align-items-md-center align-items-center style-1189 style-local-5-c9 position-relative\">\n    <!---->\n    <!---->\n    <div class=\"h-section-grid-container h-section-boxed-container\">\n      <div data-colibri-id=\"5-c17\" class=\"h-row-container gutters-row-lg-2 gutters-row-md-2 gutters-row-2 gutters-row-v-lg-2 gutters-row-v-md-2 gutters-row-v-2 style-1194 style-local-5-c17 position-relative\">\n        <!---->\n        <div class=\"h-row justify-content-lg-center justify-content-md-center justify-content-center align-items-lg-stretch align-items-md-stretch align-items-stretch gutters-col-lg-2 gutters-col-md-2 gutters-col-2 gutters-col-v-lg-2 gutters-col-v-md-2 gutters-col-v-2\">\n          <!---->\n          <div class=\"h-column h-column-container d-flex h-col-lg-auto h-col-md-auto h-col-auto style-1195-outer style-local-5-c18-outer\">\n            <div data-colibri-id=\"5-c18\" class=\"d-flex h-flex-basis h-column__inner h-px-lg-2 h-px-md-2 h-px-2 v-inner-lg-2 v-inner-md-2 v-inner-2 style-1195 style-local-5-c18 position-relative\">\n              <!---->\n              <!---->\n              <div class=\"w-100 h-y-container h-column__content h-column__v-align flex-basis-100 align-self-lg-start align-self-md-start align-self-start\">\n                <!---->\n                <div data-colibri-id=\"5-c19\" class=\"h-global-transition-all h-heading style-1196 style-local-5-c19 position-relative h-element\">\n                  <!---->\n                  <div class=\"h-heading__outer style-1196 style-local-5-c19\">\n                    <!---->\n                    <!---->\n                    <h5 class=\"\">LEGUFRUT AGRO<\/h5>\n                  <\/div>\n                <\/div>\n                <div data-colibri-id=\"5-c20\" class=\"h-global-transition-all h-heading style-1197 style-local-5-c20 position-relative h-element\">\n                  <!---->\n                  <div class=\"h-heading__outer style-1197 style-local-5-c20\">\n                    <!---->\n                    <!---->\n                    <h3 class=\"\">LEGUFRUT AGRO compromiso con el rural gallego<\/h3>\n                  <\/div>\n                <\/div>\n                <div data-colibri-id=\"5-c21\" class=\"h-lead h-text h-text-component style-1198 style-local-5-c21 position-relative h-element\">\n                  <!---->\n                  <!---->\n                  <div class=\"\">\n                    <p>Nosotros ofrecemos a los agricultores la posibilidad de diversificar sus explotaciones mediante la producci\u00f3n de huerta de calidad, recibiendo asesoramiento y seguimiento de su producci\u00f3n desde el preciso momento de plantar hasta la\n                      entrega del producto y con una excelente seguridad en la comercializaci\u00f3n. Es decir que Legufrut aportar\u00e1 su \u201csaber hacer\u201d de una empresa grande y con verdadera experiencia en el sector.&nbsp;<\/p>\n                  <\/div>\n                <\/div>\n              <\/div>\n            <\/div>\n          <\/div>\n        <\/div>\n      <\/div>\n      <div data-colibri-id=\"5-c10\" class=\"h-row-container gutters-row-lg-0 gutters-row-md-0 gutters-row-0 gutters-row-v-lg-0 gutters-row-v-md-0 gutters-row-v-0 style-1190 style-local-5-c10 h-overflow-hidden position-relative\">\n        <!---->\n        <div class=\"h-row justify-content-lg-center justify-content-md-center justify-content-center align-items-lg-end align-items-md-end align-items-end gutters-col-lg-0 gutters-col-md-0 gutters-col-0 gutters-col-v-lg-0 gutters-col-v-md-0 gutters-col-v-0\">\n          <!---->\n          <div class=\"h-column h-column-container d-flex h-col-lg-auto h-col-md-auto h-col-auto align-self-lg-end align-self-md-end align-self-end style-1191-outer style-local-5-c11-outer\">\n            <div data-colibri-id=\"5-c11\" class=\"d-flex h-flex-basis h-column__inner h-ui-empty-state-container h-px-lg-0 h-px-md-0 h-px-0 v-inner-lg-0 v-inner-md-0 v-inner-0 style-1191 style-local-5-c11 position-relative\">\n              <!---->\n              <!---->\n              <div class=\"w-100 h-y-container h-column__content h-column__v-align flex-basis-100\">\n                <!---->\n              <\/div>\n            <\/div>\n          <\/div>\n          <div class=\"h-column h-column-container d-flex h-col-lg-auto h-col-md-auto h-col-auto align-self-lg-end align-self-md-end align-self-end style-1192-outer style-local-5-c12-outer\">\n            <div data-colibri-id=\"5-c12\" class=\"d-flex h-flex-basis h-column__inner h-ui-empty-state-container h-px-lg-0 h-px-md-0 h-px-0 v-inner-lg-0 v-inner-md-0 v-inner-0 style-1192 style-local-5-c12 position-relative\">\n              <!---->\n              <!---->\n              <div class=\"w-100 h-y-container h-column__content h-column__v-align flex-basis-100\">\n                <!---->\n              <\/div>\n            <\/div>\n          <\/div>\n          <div class=\"h-column h-column-container d-flex h-col-lg-auto h-col-md-auto h-col-auto align-self-lg-end align-self-md-end align-self-end style-1193-outer style-local-5-c13-outer\">\n            <div data-colibri-id=\"5-c13\" class=\"d-flex h-flex-basis h-column__inner h-ui-empty-state-container h-px-lg-0 h-px-md-0 h-px-0 v-inner-lg-0 v-inner-md-0 v-inner-0 style-1193 style-local-5-c13 position-relative\">\n              <!---->\n              <!---->\n              <div class=\"w-100 h-y-container h-column__content h-column__v-align flex-basis-100\">\n                <!---->\n              <\/div>\n            <\/div>\n          <\/div>\n        <\/div>\n      <\/div>\n      <div data-colibri-id=\"5-c14\" class=\"h-row-container gutters-row-lg-2 gutters-row-md-2 gutters-row-0 gutters-row-v-lg-2 gutters-row-v-md-2 gutters-row-v-2 style-1349 style-local-5-c14 position-relative\">\n        <!---->\n        <div class=\"h-row justify-content-lg-center justify-content-md-center justify-content-center align-items-lg-stretch align-items-md-stretch align-items-stretch gutters-col-lg-2 gutters-col-md-2 gutters-col-0 gutters-col-v-lg-2 gutters-col-v-md-2 gutters-col-v-2\">\n          <!---->\n          <div class=\"h-column h-column-container d-flex h-col-lg-auto h-col-md-auto h-col-auto style-1350-outer style-local-5-c15-outer\">\n            <div data-colibri-id=\"5-c15\" class=\"d-flex h-flex-basis h-column__inner h-ui-empty-state-container h-px-lg-2 h-px-md-2 h-px-2 v-inner-lg-2 v-inner-md-2 v-inner-2 style-1350 style-local-5-c15 position-relative\">\n              <!---->\n              <!---->\n              <div class=\"w-100 h-y-container h-column__content h-column__v-align flex-basis-100\">\n                <!---->\n              <\/div>\n            <\/div>\n          <\/div>\n          <div class=\"h-column h-column-container d-flex h-col-lg-auto h-col-md-auto h-col-auto style-1351-outer style-local-5-c16-outer\">\n            <div data-colibri-id=\"5-c16\" class=\"d-flex h-flex-basis h-column__inner h-ui-empty-state-container h-px-lg-2 h-px-md-2 h-px-2 v-inner-lg-2 v-inner-md-2 v-inner-2 style-1351 style-local-5-c16 position-relative\">\n              <!---->\n              <!---->\n              <div class=\"w-100 h-y-container h-column__content h-column__v-align flex-basis-100\">\n                <!---->\n              <\/div>\n            <\/div>\n          <\/div>\n        <\/div>\n      <\/div>\n    <\/div>\n  <\/div>\n<\/div>","protected":false},"excerpt":{"rendered":"<p>DEL CAMPO A T\u00da MESA Nuestro compromiso con el rural gallego nos hace c\u00f3mplices de t\u00fa bienestar.&nbsp; Acercamos el producto gallego a t\u00fa cocina, para que tengas lo m\u00e1s fresco y lo mejor de la huerta gallega. LEGUFRUT AGRO LEGUFRUT AGRO compromiso con el rural gallego Nosotros ofrecemos a los agricultores la posibilidad de diversificar [&hellip;]<\/p>\n","protected":false},"author":1,"featured_media":0,"parent":0,"menu_order":0,"comment_status":"closed","ping_status":"closed","template":"page-templates\/full-width-page.php","meta":{"footnotes":""},"_links":{"self":[{"href":"https:\/\/legufrut-agro-work.colibriwp.com\/my-awesome-site\/wp-json\/wp\/v2\/pages\/5"}],"collection":[{"href":"https:\/\/legufrut-agro-work.colibriwp.com\/my-awesome-site\/wp-json\/wp\/v2\/pages"}],"about":[{"href":"https:\/\/legufrut-agro-work.colibriwp.com\/my-awesome-site\/wp-json\/wp\/v2\/types\/page"}],"author":[{"embeddable":true,"href":"https:\/\/legufrut-agro-work.colibriwp.com\/my-awesome-site\/wp-json\/wp\/v2\/users\/1"}],"replies":[{"embeddable":true,"href":"https:\/\/legufrut-agro-work.colibriwp.com\/my-awesome-site\/wp-json\/wp\/v2\/comments?post=5"}],"version-history":[{"count":20,"href":"https:\/\/legufrut-agro-work.colibriwp.com\/my-awesome-site\/wp-json\/wp\/v2\/pages\/5\/revisions"}],"predecessor-version":[{"id":2026,"href":"https:\/\/legufrut-agro-work.colibriwp.com\/my-awesome-site\/wp-json\/wp\/v2\/pages\/5\/revisions\/2026"}],"wp:attachment":[{"href":"https:\/\/legufrut-agro-work.colibriwp.com\/my-awesome-site\/wp-json\/wp\/v2\/media?parent=5"}],"curies":[{"name":"wp","href":"https:\/\/api.w.org\/{rel}","templated":true}]}}