{"id":1920,"date":"2024-02-29T15:48:46","date_gmt":"2024-02-29T15:48:46","guid":{"rendered":"https:\/\/legufrut-agro-work.colibriwp.com\/my-awesome-site\/?page_id=1920"},"modified":"2024-02-29T17:30:36","modified_gmt":"2024-02-29T17:30:36","slug":"colibri-1920","status":"publish","type":"page","link":"https:\/\/legufrut-agro-work.colibriwp.com\/my-awesome-site\/colibri-1920\/","title":{"rendered":"Politicaprivacidad"},"content":{"rendered":"<div data-colibri-id=\"1920-c1\" class=\"style-1548 style-local-1920-c1 position-relative\">\n  <!---->\n  <div data-colibri-component=\"section\" data-colibri-id=\"1920-c2\" id=\"custom\" class=\"h-section h-section-global-spacing d-flex align-items-lg-center align-items-md-center align-items-center style-1575 style-local-1920-c2 position-relative\">\n    <!---->\n    <!---->\n    <div class=\"h-section-grid-container h-section-boxed-container\">\n      <!---->\n      <div data-colibri-id=\"1920-c3\" class=\"h-row-container gutters-row-lg-2 gutters-row-md-2 gutters-row-0 gutters-row-v-lg-2 gutters-row-v-md-2 gutters-row-v-2 style-1579 style-local-1920-c3 position-relative\">\n        <!---->\n        <div class=\"h-row justify-content-lg-center justify-content-md-center justify-content-center align-items-lg-stretch align-items-md-stretch align-items-stretch gutters-col-lg-2 gutters-col-md-2 gutters-col-0 gutters-col-v-lg-2 gutters-col-v-md-2 gutters-col-v-2\">\n          <!---->\n          <div class=\"h-column h-column-container d-flex h-col-lg-auto h-col-md-auto h-col-auto style-1580-outer style-local-1920-c4-outer\">\n            <div data-colibri-id=\"1920-c4\" class=\"d-flex h-flex-basis h-column__inner h-px-lg-2 h-px-md-2 h-px-2 v-inner-lg-2 v-inner-md-2 v-inner-2 style-1580 style-local-1920-c4 position-relative\">\n              <!---->\n              <!---->\n              <div class=\"w-100 h-y-container h-column__content h-column__v-align flex-basis-100 align-self-lg-start align-self-md-start align-self-start\">\n                <!---->\n                <div data-colibri-id=\"1920-c5\" class=\"h-global-transition-all h-heading style-1582 style-local-1920-c5 position-relative h-element\">\n                  <!---->\n                  <div class=\"h-heading__outer style-1582 style-local-1920-c5\">\n                    <!---->\n                    <!---->\n                    <h3 class=\"\">POLI\u0301TICA DE PRIVACIDAD&nbsp;<\/h3>\n                  <\/div>\n                <\/div>\n              <\/div>\n            <\/div>\n          <\/div>\n        <\/div>\n      <\/div>\n      <div data-colibri-id=\"1920-c6\" class=\"h-row-container gutters-row-lg-2 gutters-row-md-2 gutters-row-0 gutters-row-v-lg-2 gutters-row-v-md-2 gutters-row-v-2 style-1576 style-local-1920-c6 position-relative\">\n        <!---->\n        <div class=\"h-row justify-content-lg-center justify-content-md-center justify-content-center align-items-lg-stretch align-items-md-stretch align-items-stretch gutters-col-lg-2 gutters-col-md-2 gutters-col-0 gutters-col-v-lg-2 gutters-col-v-md-2 gutters-col-v-2\">\n          <!---->\n          <div class=\"h-column h-column-container d-flex h-col-lg-auto h-col-md-auto h-col-auto style-1577-outer style-local-1920-c7-outer\">\n            <div data-colibri-id=\"1920-c7\" class=\"d-flex h-flex-basis h-column__inner h-px-lg-2 h-px-md-2 h-px-2 v-inner-lg-2 v-inner-md-2 v-inner-2 style-1577 style-local-1920-c7 position-relative\">\n              <!---->\n              <!---->\n              <div class=\"w-100 h-y-container h-column__content h-column__v-align flex-basis-100 align-self-lg-start align-self-md-start align-self-start\">\n                <!---->\n                <div data-colibri-id=\"1920-c8\" class=\"h-text h-text-component style-1578 style-local-1920-c8 position-relative h-element\">\n                  <!---->\n                  <!---->\n                  <div class=\"\">\n                    <p>1. Identificaci\u00f3n y datos de contacto del Responsable del tratamiento<\/p>\n                    <p>LEGUFRUT AGRO S.L., domiciliada en la direccio\u0301n Ciudad del transporte, s\/n &#8211; San Cibrao das Vin\u0303as 32901 (OURENSE), con CIF B32262636, como responsable del tratamiento de datos de cara\u0301cter personal, facilita la informacio\u0301n sobre\n                      el uso que realizara\u0301 de los datos personales.<\/p>\n                    <p>La presente Poli\u0301tica de Privacidad tiene por objeto facilitar informacio\u0301n sobre los derechos que asisten tanto al Usuario como al Visitante en virtud del Reglamento General de Proteccio\u0301n de Datos (\u201cRGPD\u203f). Si tienes cualquier duda\n                      relativa al tratamiento de tus datos personales, contacta con LEGUFRUT AGRO S.L. en su direccio\u0301n postal o a trave\u0301s del correo electro\u0301nico info@legufrut.com.<\/p>\n                    <p>Asimismo, pone a su disposicio\u0301n la informacio\u0301n relativa a la LSSICE visitando el Aviso Legal de nuestra web.<\/p>\n                    <p>\n                      <br>\n                    <\/p>\n                    <p>\n                      <br>\n                    <\/p>\n                    <p>\n                      <br>\n                    <\/p>\n                    <p>2. Informaci\u00f3n general: descripci\u00f3n de la informaci\u00f3n contenida en la pol\u00edtica de privacidad.<\/p>\n                    <p>En la presente poli\u0301tica de privacidad encontrara\u0301s el tratamiento de datos de los diferentes servicios ofrecidor por LEGUFRUT AGRO S.L..<\/p>\n                    <p>En cada servicio se te informara\u0301 sobre:<\/p>\n                    <p>Las finalidades del tratamiento de tus datos personales, esto es, el motivo por el cual LEGUFRUT AGRO S.L. trata tus datos personales.<\/p>\n                    <p>Las bases legales que permiten el tratamiento de datos por parte de LEGUFRUT AGRO S.L. para cada una de las finalidades indicadas.<\/p>\n                    <p>La posible comunicacio\u0301n de tus datos a terceros, asi\u0301 como la causa de dicha comunicacio\u0301n. A estos efectos, te informamos de que no cedemos tus datos personales a terceros salvo cuando exista una obligacio\u0301n legal (Hacienda Pu\u0301blica,\n                      Jueces y Tribunales, Fuerzas y Cuerpos de Seguridad, &#8230;) o expresamente lo indiquemos a continuacio\u0301n.<\/p>\n                    <p>El plazo de conservacio\u0301n de los datos que nos facilites. A estos efectos te informamos que conservamos tus datos personales durante toda la vigencia de la relacio\u0301n contractual o por un peri\u0301odo superior si asi\u0301 nos lo has autorizado.\n                      Asimismo, te informamos que tus datos permanecera\u0301n bloqueados para la atencio\u0301n de reclamaciones judiciales, administrativas o fiscales, por los plazos que legalmente determine cada normativa que resulte de aplicacio\u0301n.<\/p>\n                    <p>\n                      <br>\n                    <\/p>\n                    <p>\n                      <br>\n                    <\/p>\n                    <p>\n                      <br>\n                    <\/p>\n                    <p>\n                      <br>\n                    <\/p>\n                    <p>3. Informacio\u0301n necesaria y actualizada<\/p>\n                    <p>Para que la informacio\u0301n facilitada este\u0301 siempre actualizada y no contenga errores, debera\u0301s comunicar a LEGUFRUT AGRO S.L., a la mayor brevedad posible, las modificaciones y rectificaciones de tus datos de cara\u0301cter personal que\n                      se vayan produciendo a trave\u0301s de un correo electro\u0301nico a la direccio\u0301n info@legufrut.com.<\/p>\n                    <p>\n                      <br>\n                    <\/p>\n                    <p>\n                      <br>\n                    <\/p>\n                    <p>\n                      <br>\n                    <\/p>\n                    <p>\n                      <br>\n                    <\/p>\n                    <p>4. Ejercicio de tus derechos<\/p>\n                    <p>Te informamos de que podra\u0301s ejercer los siguientes derechos:<\/p>\n                    <p>Derecho de acceso a sus datos personales para saber cua\u0301les esta\u0301n siendo objeto de tratamiento y las operaciones de tratamiento llevadas a cabo con ellos.<\/p>\n                    <p>Derecho de rectificacio\u0301n de cualquier dato personal inexacto.<\/p>\n                    <p>Derecho de supresio\u0301n de sus datos personales, cuando esto sea posible.<\/p>\n                    <p>Derecho a solicitar la limitacio\u0301n del tratamiento de sus datos personales cuando la exactitud, la legalidad o la necesidad del tratamiento de los datos resulte dudosa, en cuyo caso, podremos conservar los datos conservarlos para el\n                      ejercicio o la defensa de reclamaciones.<\/p>\n                    <p>Derecho de oposicio\u0301n al tratamiento de tus datos personales, cuando la base legal que nos habilite para su tratamiento de las indicadas en la tabla arriba incluida sea el intere\u0301s legi\u0301timo.<\/p>\n                    <p>LEGUFRUT AGRO S.L. dejara\u0301 de tratar sus datos salvo que tenga un intere\u0301s legi\u0301timo imperioso o para la formulacio\u0301n, el ejercicio o la defensa de reclamaciones.<\/p>\n                    <p>Derecho a la portabilidad de tus datos, cuando la base legal que nos habilite para su tratamiento de las indicadas en la tabla arriba incluida sea la existencia de una relacio\u0301n contractual o tu consentimiento.<\/p>\n                    <p>Derecho a revocar el consentimiento otorgado a info@legufrut.com.<\/p>\n                    <p>Podra\u0301s ejercitar tus derechos en cualquier momento y de forma gratuita de las siguientes formas:<\/p>\n                    <p>\u2022 Dirigiendo un correo electro\u0301nico a la direccio\u0301n info@legufrut.com, indicando el derecho que deseas ejercitar, tus datos identificativos y una copia del DNI.<\/p>\n                    <p>\u2022 A Trave\u0301s de correo postal, enviando una carta a Ciudad del transporte , s\/n 32901 San Cibrao das Vin\u0303as (OURENSE).<\/p>\n                    <p>Email: info@legufrut.com, indicando el derecho que deseas ejercitar, tus datos identificativos y una copia del DNI.<\/p>\n                    <p>\n                      <br>\n                    <\/p>\n                    <p>\n                      <br>\n                    <\/p>\n                    <p>\n                      <br>\n                    <\/p>\n                    <p>\n                      <br>\n                    <\/p>\n                    <p>5. Informacio\u0301n detallada del tratamiento de datos realizados por servicio<\/p>\n                    <p>a.Tratamiento de datos de clientes:<\/p>\n                    <p>Finalidad del tratamiento: Gestio\u0301n contable, fiscal y administrativa.<\/p>\n                    <p>Categori\u0301as de interesados: Clientes y usuarios con los que se mantiene una relacio\u0301n comercial.<\/p>\n                    <p>Categori\u0301a de datos personales: Los necesarios para mantener la relacio\u0301n comercial y emisio\u0301n de facturas.<\/p>\n                    <p>Destinatarios: Administracio\u0301n pu\u0301blica con competencia en la materia, bancos y cajas.<\/p>\n                    <p>Plazos de conservacio\u0301n: Mientras exista una relacio\u0301n comercial y posteriormente los previstos por la legislacio\u0301n fiscal respecto a la prescripcio\u0301n de responsabilidades.<\/p>\n                    <p>b.Tratamiento de datos de proveedores y contactos:<\/p>\n                    <p>Finalidad del tratamiento: Gestio\u0301n contable, fiscal y administrativa.<\/p>\n                    <p>Categori\u0301as de interesados: Proveedores y contactos que proporcionan productos y\/o servicios.<\/p>\n                    <p>Categori\u0301a de datos personales: Los necesarios para mantener la relacio\u0301n comercial y emisio\u0301n de facturas.<\/p>\n                    <p>Destinatarios: Administracio\u0301n pu\u0301blica con competencia en la materia, bancos y cajas.<\/p>\n                    <p>Plazos de conservacio\u0301n: Mientras exista una relacio\u0301n comercial y posteriormente los previstos por la legislacio\u0301n fiscal respecto a la prescripcio\u0301n de responsabilidades.<\/p>\n                    <p>c.Tratamiento de datos de empleados:<\/p>\n                    <p>Finalidad del tratamiento: Gestio\u0301n de la relacio\u0301n laboral y de recursos humanos.<\/p>\n                    <p>Categori\u0301as de interesados: Personal de la empresa.<\/p>\n                    <p>Categori\u0301a de datos personales: Los necesarios para mantener la relacio\u0301n laboral, gestio\u0301n de no\u0301mina, formacio\u0301n y recursos humanos.<\/p>\n                    <p>Destinatarios: Administracio\u0301n pu\u0301blica con competencia en la materia, bancos y cajas.<\/p>\n                    <p>Plazos de conservacio\u0301n: Mientras exista una relacio\u0301n comercial y posteriormente los previstos por la legislacio\u0301n fiscal y laboral respecto a la prescripcio\u0301n de responsabilidades.<\/p>\n                    <p>d.Tratamiento de datos de curriculum<\/p>\n                    <p>Finalidad del tratamiento: Gestio\u0301n de los curriculum entregados por los candidatos con el fin de optar a un puesto en la empresa.<\/p>\n                    <p>Categori\u0301as de interesados: Candidatos.<\/p>\n                    <p>Categori\u0301a de datos personales: Los necesarios para el estudio del curriculum ante un futuro empleo.<\/p>\n                    <p>Destinatarios: No se contempla.<\/p>\n                    <p>Plazos de conservacio\u0301n: Dos an\u0303os desde la presentacio\u0301n de la candidatura.<\/p>\n                    <p>\n                      <br>\n                    <\/p>\n                    <p>\n                      <br>\n                    <\/p>\n                    <p>\n                      <br>\n                    <\/p>\n                    <p>\n                      <br>\n                    <\/p>\n                    <p>6. Seguridad<\/p>\n                    <p>LEGUFRUT AGRO S.L. ha implementado y mantiene los niveles de seguridad exigidos por el RGPD para proteger los datos de cara\u0301cter personal de los usuarios frente a pe\u0301rdidas fortuitas y a accesos, tratamientos o revelaciones no autorizados,\n                      habida cuenta del estado de la tecnologi\u0301a, la naturaleza de los datos almacenados y los riesgos a que esta\u0301n expuestos. Una vez recibidos tus datos, LEGUFRUT AGRO S.L. utilizara\u0301 rigurosos procedimientos y funciones de seguridad\n                      para impedir cualquier acceso no autorizado.<\/p>\n                    <p>\n                      <br>\n                    <\/p>\n                    <p>\n                      <br>\n                    <\/p>\n                    <p>\n                      <br>\n                    <\/p>\n                    <p>\n                      <br>\n                    <\/p>\n                    <p>7. Confidencialidad<\/p>\n                    <p>Los datos personales que podamos recabar a trave\u0301s del Sitio Web o por medio de las distintas comunicaciones que mantengamos contigo sera\u0301n tratados con confidencialidad, comprometie\u0301ndonos a guardar secreto respecto de los mismos\n                      de acuerdo con lo establecido en la legislacio\u0301n aplicable.<\/p>\n                    <p>\n                      <br>\n                    <\/p>\n                    <p>\n                      <br>\n                    <\/p>\n                    <p>\n                      <br>\n                    <\/p>\n                    <p>\n                      <br>\n                    <\/p>\n                    <p>8. Actualizacio\u0301n de la poli\u0301tica de privacidad<\/p>\n                    <p>Es posible que se deba actualizar esta Poli\u0301tica de Privacidad, por ello es necesario que revises esta poli\u0301tica perio\u0301dicamente y si es posible cada vez que accedas al Sitio Web con el objetivo de estar adecuadamente informado sobre\n                      el tipo de informacio\u0301n recopilada y su tratamiento. Puedes encontrar la Poli\u0301tica de Privacidad al pie del Sitio Web.<\/p>\n                    <p>LEGUFRUT AGRO S.L.<\/p>\n                    <p>Ciudad del transporte, s\/n &#8211; San Cibrao das Vin\u0303as 32901 (OURENSE)<\/p>\n                    <p>Tel. +34 988 384 500 \u00b7 Fax. +34 988 384 752 \u00b7 info@legufrut.com<\/p>\n                  <\/div>\n                <\/div>\n              <\/div>\n            <\/div>\n          <\/div>\n        <\/div>\n      <\/div>\n    <\/div>\n  <\/div>\n<\/div>","protected":false},"excerpt":{"rendered":"<p>POLI\u0301TICA DE PRIVACIDAD&nbsp; 1. Identificaci\u00f3n y datos de contacto del Responsable del tratamiento LEGUFRUT AGRO S.L., domiciliada en la direccio\u0301n Ciudad del transporte, s\/n &#8211; San Cibrao das Vin\u0303as 32901 (OURENSE), con CIF B32262636, como responsable del tratamiento de datos de cara\u0301cter personal, facilita la informacio\u0301n sobre el uso que realizara\u0301 de los datos personales. [&hellip;]<\/p>\n","protected":false},"author":1,"featured_media":0,"parent":0,"menu_order":0,"comment_status":"closed","ping_status":"closed","template":"page-templates\/full-width-page.php","meta":{"footnotes":""},"_links":{"self":[{"href":"https:\/\/legufrut-agro-work.colibriwp.com\/my-awesome-site\/wp-json\/wp\/v2\/pages\/1920"}],"collection":[{"href":"https:\/\/legufrut-agro-work.colibriwp.com\/my-awesome-site\/wp-json\/wp\/v2\/pages"}],"about":[{"href":"https:\/\/legufrut-agro-work.colibriwp.com\/my-awesome-site\/wp-json\/wp\/v2\/types\/page"}],"author":[{"embeddable":true,"href":"https:\/\/legufrut-agro-work.colibriwp.com\/my-awesome-site\/wp-json\/wp\/v2\/users\/1"}],"replies":[{"embeddable":true,"href":"https:\/\/legufrut-agro-work.colibriwp.com\/my-awesome-site\/wp-json\/wp\/v2\/comments?post=1920"}],"version-history":[{"count":9,"href":"https:\/\/legufrut-agro-work.colibriwp.com\/my-awesome-site\/wp-json\/wp\/v2\/pages\/1920\/revisions"}],"predecessor-version":[{"id":1979,"href":"https:\/\/legufrut-agro-work.colibriwp.com\/my-awesome-site\/wp-json\/wp\/v2\/pages\/1920\/revisions\/1979"}],"wp:attachment":[{"href":"https:\/\/legufrut-agro-work.colibriwp.com\/my-awesome-site\/wp-json\/wp\/v2\/media?parent=1920"}],"curies":[{"name":"wp","href":"https:\/\/api.w.org\/{rel}","templated":true}]}}